{"id":72,"date":"2022-01-14T18:57:57","date_gmt":"2022-01-14T23:57:57","guid":{"rendered":"https:\/\/www.ccalidad.pe\/?page_id=72"},"modified":"2022-01-16T19:04:14","modified_gmt":"2022-01-17T00:04:14","slug":"servicios","status":"publish","type":"page","link":"https:\/\/www.ccalidad.pe\/?page_id=72","title":{"rendered":"Servicios"},"content":{"rendered":"\n<h2 class=\"has-tertiary-color has-text-color wp-block-heading\">Asesor\u00eda<\/h2>\n\n\n\n<ul class=\"wp-block-list\"><li>Actualizaci\u00f3n de modelos educativos para universidades, escuelas superiores e institutos<\/li><li>Organizaci\u00f3n de planes curriculares para Institutos y CETPRO<\/li><li>Diagn\u00f3stico e implementaci\u00f3n de condiciones b\u00e1sicas de calidad para licenciamiento<\/li><li>Implementaci\u00f3n de modelos de evaluaci\u00f3n y acreditaci\u00f3n para instituciones educativas<\/li><li>Implementaci\u00f3n de sistema de gesti\u00f3n de calidad ISO 21001:2018 para instituciones educativas<\/li><li>Implementaci\u00f3n de sistema de gesti\u00f3n de calidad ISO 9001:2015 para organizaciones y empresas<\/li><li>Elaboraci\u00f3n de perfiles laborales y\/o profesionales y evaluaci\u00f3n por competencias<\/li><li>Asuntos legales en temas relacionados a educaci\u00f3n<\/li><\/ul>\n\n\n\n<h2 class=\"has-tertiary-color has-text-color wp-block-heading\">Capacitaci\u00f3n<\/h2>\n\n\n\n<ul class=\"wp-block-list\"><li>Planificaci\u00f3n curricular, evaluaci\u00f3n por competencias (concepci\u00f3n e instrumentos) e&nbsp; implementaci\u00f3n de procesos de mejora para docentes e instituciones educativas<\/li><li>Auditor\u00eda interna y externa para la implementaci\u00f3n de sistemas de gesti\u00f3n de calidad<\/li><li>Evaluaci\u00f3n por competencias.&nbsp; Preparaci\u00f3n de profesionales para desempe\u00f1arse como evaluadores de competencias con fines de certificaci\u00f3n<\/li><\/ul>\n\n\n\n<h2 class=\"has-tertiary-color has-text-color wp-block-heading\">Otros<\/h2>\n\n\n\n<ul class=\"wp-block-list\"><li>Estudios de l\u00ednea de base<\/li><li>Sistematizaci\u00f3n y\/o evaluaci\u00f3n de proyectos, programas y experiencias<\/li><li>Estudios cuantitativos y cualitativos de oferta y demanda ocupacional<\/li><li>An\u00e1lisis de tendencias y prospectiva<\/li><li>An\u00e1lisis de cadenas productivas y\/o de servicios<\/li><\/ul>\n","protected":false},"excerpt":{"rendered":"<p>Asesor\u00eda Actualizaci\u00f3n de modelos educativos para universidades, escuelas superiores e institutos Organizaci\u00f3n de planes curriculares para Institutos y CETPRO Diagn\u00f3stico[&#8230;]<\/p>\n","protected":false},"author":1,"featured_media":0,"parent":0,"menu_order":0,"comment_status":"closed","ping_status":"closed","template":"","meta":{"_coblocks_attr":"","_coblocks_dimensions":"","_coblocks_responsive_height":"","_coblocks_accordion_ie_support":"","footnotes":""},"class_list":["post-72","page","type-page","status-publish","hentry"],"yoast_head":"<!-- This site is optimized with the Yoast SEO plugin v20.13 - https:\/\/yoast.com\/wordpress\/plugins\/seo\/ -->\n<title>Servicios - Consultores en Servicios para la Calidad<\/title>\n<meta name=\"description\" content=\"Asesoramos, capacitamos y acompa\u00f1amos a personas y organizaciones en su mejora continua en b\u00fasqueda de la calidad de sus servicios.\" \/>\n<meta name=\"robots\" content=\"index, follow, max-snippet:-1, max-image-preview:large, max-video-preview:-1\" \/>\n<link rel=\"canonical\" href=\"https:\/\/www.ccalidad.pe\/?page_id=72\" \/>\n<meta property=\"og:locale\" content=\"es_ES\" \/>\n<meta property=\"og:type\" content=\"article\" \/>\n<meta property=\"og:title\" content=\"Servicios - Consultores en Servicios para la Calidad\" \/>\n<meta property=\"og:description\" content=\"Asesoramos, capacitamos y acompa\u00f1amos a personas y organizaciones en su mejora continua en b\u00fasqueda de la calidad de sus servicios.\" \/>\n<meta property=\"og:url\" content=\"https:\/\/www.ccalidad.pe\/?page_id=72\" \/>\n<meta property=\"og:site_name\" content=\"Consultores en Servicios para la Calidad\" \/>\n<meta property=\"article:modified_time\" content=\"2022-01-17T00:04:14+00:00\" \/>\n<meta name=\"twitter:card\" content=\"summary_large_image\" \/>\n<meta name=\"twitter:label1\" content=\"Tiempo de lectura\" \/>\n\t<meta name=\"twitter:data1\" content=\"1 minuto\" \/>\n<script type=\"application\/ld+json\" class=\"yoast-schema-graph\">{\"@context\":\"https:\/\/schema.org\",\"@graph\":[{\"@type\":\"WebPage\",\"@id\":\"https:\/\/www.ccalidad.pe\/?page_id=72\",\"url\":\"https:\/\/www.ccalidad.pe\/?page_id=72\",\"name\":\"Servicios - Consultores en Servicios para la Calidad\",\"isPartOf\":{\"@id\":\"http:\/\/www.ccalidad.pe\/#website\"},\"datePublished\":\"2022-01-14T23:57:57+00:00\",\"dateModified\":\"2022-01-17T00:04:14+00:00\",\"description\":\"Asesoramos, capacitamos y acompa\u00f1amos a personas y organizaciones en su mejora continua en b\u00fasqueda de la calidad de sus servicios.\",\"breadcrumb\":{\"@id\":\"https:\/\/www.ccalidad.pe\/?page_id=72#breadcrumb\"},\"inLanguage\":\"es\",\"potentialAction\":[{\"@type\":\"ReadAction\",\"target\":[\"https:\/\/www.ccalidad.pe\/?page_id=72\"]}]},{\"@type\":\"BreadcrumbList\",\"@id\":\"https:\/\/www.ccalidad.pe\/?page_id=72#breadcrumb\",\"itemListElement\":[{\"@type\":\"ListItem\",\"position\":1,\"name\":\"Portada\",\"item\":\"http:\/\/www.ccalidad.pe\/\"},{\"@type\":\"ListItem\",\"position\":2,\"name\":\"Servicios\"}]},{\"@type\":\"WebSite\",\"@id\":\"http:\/\/www.ccalidad.pe\/#website\",\"url\":\"http:\/\/www.ccalidad.pe\/\",\"name\":\"Consultores en Servicios para la Calidad\",\"description\":\"Ccalidad-Contigo Hacia la Mejora\",\"publisher\":{\"@id\":\"http:\/\/www.ccalidad.pe\/#organization\"},\"potentialAction\":[{\"@type\":\"SearchAction\",\"target\":{\"@type\":\"EntryPoint\",\"urlTemplate\":\"http:\/\/www.ccalidad.pe\/?s={search_term_string}\"},\"query-input\":\"required name=search_term_string\"}],\"inLanguage\":\"es\"},{\"@type\":\"Organization\",\"@id\":\"http:\/\/www.ccalidad.pe\/#organization\",\"name\":\"Consultores en Servicios para la Calidad SAC\",\"url\":\"http:\/\/www.ccalidad.pe\/\",\"logo\":{\"@type\":\"ImageObject\",\"inLanguage\":\"es\",\"@id\":\"http:\/\/www.ccalidad.pe\/#\/schema\/logo\/image\/\",\"url\":\"http:\/\/www.ccalidad.pe\/wp-content\/uploads\/2022\/01\/ConsultoresSACFB.jpg\",\"contentUrl\":\"http:\/\/www.ccalidad.pe\/wp-content\/uploads\/2022\/01\/ConsultoresSACFB.jpg\",\"width\":591,\"height\":591,\"caption\":\"Consultores en Servicios para la Calidad SAC\"},\"image\":{\"@id\":\"http:\/\/www.ccalidad.pe\/#\/schema\/logo\/image\/\"}}]}<\/script>\n<!-- \/ Yoast SEO plugin. -->","yoast_head_json":{"title":"Servicios - Consultores en Servicios para la Calidad","description":"Asesoramos, capacitamos y acompa\u00f1amos a personas y organizaciones en su mejora continua en b\u00fasqueda de la calidad de sus servicios.","robots":{"index":"index","follow":"follow","max-snippet":"max-snippet:-1","max-image-preview":"max-image-preview:large","max-video-preview":"max-video-preview:-1"},"canonical":"https:\/\/www.ccalidad.pe\/?page_id=72","og_locale":"es_ES","og_type":"article","og_title":"Servicios - Consultores en Servicios para la Calidad","og_description":"Asesoramos, capacitamos y acompa\u00f1amos a personas y organizaciones en su mejora continua en b\u00fasqueda de la calidad de sus servicios.","og_url":"https:\/\/www.ccalidad.pe\/?page_id=72","og_site_name":"Consultores en Servicios para la Calidad","article_modified_time":"2022-01-17T00:04:14+00:00","twitter_card":"summary_large_image","twitter_misc":{"Tiempo de lectura":"1 minuto"},"schema":{"@context":"https:\/\/schema.org","@graph":[{"@type":"WebPage","@id":"https:\/\/www.ccalidad.pe\/?page_id=72","url":"https:\/\/www.ccalidad.pe\/?page_id=72","name":"Servicios - Consultores en Servicios para la Calidad","isPartOf":{"@id":"http:\/\/www.ccalidad.pe\/#website"},"datePublished":"2022-01-14T23:57:57+00:00","dateModified":"2022-01-17T00:04:14+00:00","description":"Asesoramos, capacitamos y acompa\u00f1amos a personas y organizaciones en su mejora continua en b\u00fasqueda de la calidad de sus servicios.","breadcrumb":{"@id":"https:\/\/www.ccalidad.pe\/?page_id=72#breadcrumb"},"inLanguage":"es","potentialAction":[{"@type":"ReadAction","target":["https:\/\/www.ccalidad.pe\/?page_id=72"]}]},{"@type":"BreadcrumbList","@id":"https:\/\/www.ccalidad.pe\/?page_id=72#breadcrumb","itemListElement":[{"@type":"ListItem","position":1,"name":"Portada","item":"http:\/\/www.ccalidad.pe\/"},{"@type":"ListItem","position":2,"name":"Servicios"}]},{"@type":"WebSite","@id":"http:\/\/www.ccalidad.pe\/#website","url":"http:\/\/www.ccalidad.pe\/","name":"Consultores en Servicios para la Calidad","description":"Ccalidad-Contigo Hacia la Mejora","publisher":{"@id":"http:\/\/www.ccalidad.pe\/#organization"},"potentialAction":[{"@type":"SearchAction","target":{"@type":"EntryPoint","urlTemplate":"http:\/\/www.ccalidad.pe\/?s={search_term_string}"},"query-input":"required name=search_term_string"}],"inLanguage":"es"},{"@type":"Organization","@id":"http:\/\/www.ccalidad.pe\/#organization","name":"Consultores en Servicios para la Calidad SAC","url":"http:\/\/www.ccalidad.pe\/","logo":{"@type":"ImageObject","inLanguage":"es","@id":"http:\/\/www.ccalidad.pe\/#\/schema\/logo\/image\/","url":"http:\/\/www.ccalidad.pe\/wp-content\/uploads\/2022\/01\/ConsultoresSACFB.jpg","contentUrl":"http:\/\/www.ccalidad.pe\/wp-content\/uploads\/2022\/01\/ConsultoresSACFB.jpg","width":591,"height":591,"caption":"Consultores en Servicios para la Calidad SAC"},"image":{"@id":"http:\/\/www.ccalidad.pe\/#\/schema\/logo\/image\/"}}]}},"jetpack_sharing_enabled":true,"jetpack_likes_enabled":true,"_links":{"self":[{"href":"https:\/\/www.ccalidad.pe\/index.php?rest_route=\/wp\/v2\/pages\/72","targetHints":{"allow":["GET"]}}],"collection":[{"href":"https:\/\/www.ccalidad.pe\/index.php?rest_route=\/wp\/v2\/pages"}],"about":[{"href":"https:\/\/www.ccalidad.pe\/index.php?rest_route=\/wp\/v2\/types\/page"}],"author":[{"embeddable":true,"href":"https:\/\/www.ccalidad.pe\/index.php?rest_route=\/wp\/v2\/users\/1"}],"replies":[{"embeddable":true,"href":"https:\/\/www.ccalidad.pe\/index.php?rest_route=%2Fwp%2Fv2%2Fcomments&post=72"}],"version-history":[{"count":4,"href":"https:\/\/www.ccalidad.pe\/index.php?rest_route=\/wp\/v2\/pages\/72\/revisions"}],"predecessor-version":[{"id":219,"href":"https:\/\/www.ccalidad.pe\/index.php?rest_route=\/wp\/v2\/pages\/72\/revisions\/219"}],"wp:attachment":[{"href":"https:\/\/www.ccalidad.pe\/index.php?rest_route=%2Fwp%2Fv2%2Fmedia&parent=72"}],"curies":[{"name":"wp","href":"https:\/\/api.w.org\/{rel}","templated":true}]}}