{"id":27,"date":"2022-01-05T17:00:42","date_gmt":"2022-01-05T17:00:42","guid":{"rendered":"http:\/\/www.ccalidad.pe\/?page_id=27"},"modified":"2025-08-10T14:20:57","modified_gmt":"2025-08-10T19:20:57","slug":"consultores-calidad-acerca-de","status":"publish","type":"page","link":"https:\/\/www.ccalidad.pe\/","title":{"rendered":"Inicio"},"content":{"rendered":"\n<div class=\"wp-block-columns are-vertically-aligned-center is-layout-flex wp-container-core-columns-is-layout-9d6595d7 wp-block-columns-is-layout-flex\">\n<div class=\"wp-block-column is-vertically-aligned-center is-layout-flow wp-block-column-is-layout-flow\" style=\"flex-basis:43.33%\">\n<p><\/p>\n<\/div>\n<\/div>\n\n\n\n<p>Somos una empresa peruana integrada por un grupo de profesionales con amplia y reconocida experiencia en calidad, mejora continua, evaluaci\u00f3n, gesti\u00f3n y pedagog\u00eda.<br><br>Estamos comprometidos con el desarrollo sostenible del pa\u00eds y la equidad.\u00a0<br><br>Acompa\u00f1amos a personas y organizaciones en su mejora continua hacia el logro de la calidad de sus procesos y servicios.<\/p>\n\n\n\n<hr class=\"wp-block-separator has-css-opacity is-style-dots\"\/>\n\n\n\n<h2 class=\"wp-block-heading has-text-align-center has-tertiary-color has-text-color\">Nuestros valores<\/h2>\n\n\n\n<div style=\"height:45px\" aria-hidden=\"true\" class=\"wp-block-spacer\"><\/div>\n\n\n\n<div class=\"wp-block-columns is-layout-flex wp-container-core-columns-is-layout-9d6595d7 wp-block-columns-is-layout-flex\">\n<div class=\"wp-block-column is-layout-flow wp-block-column-is-layout-flow\"><div class=\"wp-block-image\">\n<figure class=\"aligncenter size-thumbnail is-resized\"><img loading=\"lazy\" decoding=\"async\" width=\"150\" height=\"150\" src=\"https:\/\/i0.wp.com\/www.ccalidad.pe\/wp-content\/uploads\/2022\/01\/Mesa-de-trabajo-2-150x150.png?resize=150%2C150&#038;ssl=1\" alt=\"\" class=\"wp-image-210\" style=\"width:75px;height:75px\" srcset=\"https:\/\/i0.wp.com\/www.ccalidad.pe\/wp-content\/uploads\/2022\/01\/Mesa-de-trabajo-2.png?resize=150%2C150&amp;ssl=1 150w, https:\/\/i0.wp.com\/www.ccalidad.pe\/wp-content\/uploads\/2022\/01\/Mesa-de-trabajo-2.png?resize=300%2C300&amp;ssl=1 300w, https:\/\/i0.wp.com\/www.ccalidad.pe\/wp-content\/uploads\/2022\/01\/Mesa-de-trabajo-2.png?w=600&amp;ssl=1 600w\" sizes=\"auto, (max-width: 150px) 100vw, 150px\" data-recalc-dims=\"1\" \/><\/figure>\n<\/div>\n\n\n<p class=\"has-text-align-center\">Honestidad<\/p>\n<\/div>\n\n\n\n<div class=\"wp-block-column is-layout-flow wp-block-column-is-layout-flow\"><div class=\"wp-block-image\">\n<figure class=\"aligncenter size-full is-resized\"><img loading=\"lazy\" decoding=\"async\" width=\"600\" height=\"600\" src=\"https:\/\/i0.wp.com\/www.ccalidad.pe\/wp-content\/uploads\/2022\/01\/Mesa-de-trabajo-3-1.png?resize=600%2C600&#038;ssl=1\" alt=\"\" class=\"wp-image-214\" style=\"width:75px;height:75px\" srcset=\"https:\/\/i0.wp.com\/www.ccalidad.pe\/wp-content\/uploads\/2022\/01\/Mesa-de-trabajo-3-1.png?w=600&amp;ssl=1 600w, https:\/\/i0.wp.com\/www.ccalidad.pe\/wp-content\/uploads\/2022\/01\/Mesa-de-trabajo-3-1.png?resize=300%2C300&amp;ssl=1 300w, https:\/\/i0.wp.com\/www.ccalidad.pe\/wp-content\/uploads\/2022\/01\/Mesa-de-trabajo-3-1.png?resize=150%2C150&amp;ssl=1 150w\" sizes=\"auto, (max-width: 600px) 100vw, 600px\" data-recalc-dims=\"1\" \/><\/figure>\n<\/div>\n\n\n<p class=\"has-text-align-center\">Responsabilidad<\/p>\n<\/div>\n\n\n\n<div class=\"wp-block-column is-layout-flow wp-block-column-is-layout-flow\"><div class=\"wp-block-image\">\n<figure class=\"aligncenter size-full is-resized\"><img loading=\"lazy\" decoding=\"async\" width=\"600\" height=\"600\" src=\"https:\/\/i0.wp.com\/www.ccalidad.pe\/wp-content\/uploads\/2022\/01\/Mesa-de-trabajo-4-1.png?resize=600%2C600&#038;ssl=1\" alt=\"\" class=\"wp-image-215\" style=\"width:75px;height:75px\" srcset=\"https:\/\/i0.wp.com\/www.ccalidad.pe\/wp-content\/uploads\/2022\/01\/Mesa-de-trabajo-4-1.png?w=600&amp;ssl=1 600w, https:\/\/i0.wp.com\/www.ccalidad.pe\/wp-content\/uploads\/2022\/01\/Mesa-de-trabajo-4-1.png?resize=300%2C300&amp;ssl=1 300w, https:\/\/i0.wp.com\/www.ccalidad.pe\/wp-content\/uploads\/2022\/01\/Mesa-de-trabajo-4-1.png?resize=150%2C150&amp;ssl=1 150w\" sizes=\"auto, (max-width: 600px) 100vw, 600px\" data-recalc-dims=\"1\" \/><\/figure>\n<\/div>\n\n\n<p class=\"has-text-align-center\">Solidaridad<\/p>\n<\/div>\n\n\n\n<div class=\"wp-block-column is-layout-flow wp-block-column-is-layout-flow\"><div class=\"wp-block-image\">\n<figure class=\"aligncenter size-full is-resized\"><img loading=\"lazy\" decoding=\"async\" width=\"600\" height=\"600\" src=\"https:\/\/i0.wp.com\/www.ccalidad.pe\/wp-content\/uploads\/2022\/01\/Mesa-de-trabajo-5-1.png?resize=600%2C600&#038;ssl=1\" alt=\"\" class=\"wp-image-216\" style=\"width:75px;height:75px\" srcset=\"https:\/\/i0.wp.com\/www.ccalidad.pe\/wp-content\/uploads\/2022\/01\/Mesa-de-trabajo-5-1.png?w=600&amp;ssl=1 600w, https:\/\/i0.wp.com\/www.ccalidad.pe\/wp-content\/uploads\/2022\/01\/Mesa-de-trabajo-5-1.png?resize=300%2C300&amp;ssl=1 300w, https:\/\/i0.wp.com\/www.ccalidad.pe\/wp-content\/uploads\/2022\/01\/Mesa-de-trabajo-5-1.png?resize=150%2C150&amp;ssl=1 150w\" sizes=\"auto, (max-width: 600px) 100vw, 600px\" data-recalc-dims=\"1\" \/><\/figure>\n<\/div>\n\n\n<p class=\"has-text-align-center\">Justicia<\/p>\n<\/div>\n\n\n\n<div class=\"wp-block-column is-layout-flow wp-block-column-is-layout-flow\"><div class=\"wp-block-image\">\n<figure class=\"aligncenter size-full is-resized\"><img loading=\"lazy\" decoding=\"async\" width=\"600\" height=\"600\" src=\"https:\/\/i0.wp.com\/www.ccalidad.pe\/wp-content\/uploads\/2022\/01\/Mesa-de-trabajo-1.png?resize=600%2C600&#038;ssl=1\" alt=\"\" class=\"wp-image-217\" style=\"width:75px;height:75px\" srcset=\"https:\/\/i0.wp.com\/www.ccalidad.pe\/wp-content\/uploads\/2022\/01\/Mesa-de-trabajo-1.png?w=600&amp;ssl=1 600w, https:\/\/i0.wp.com\/www.ccalidad.pe\/wp-content\/uploads\/2022\/01\/Mesa-de-trabajo-1.png?resize=300%2C300&amp;ssl=1 300w, https:\/\/i0.wp.com\/www.ccalidad.pe\/wp-content\/uploads\/2022\/01\/Mesa-de-trabajo-1.png?resize=150%2C150&amp;ssl=1 150w\" sizes=\"auto, (max-width: 600px) 100vw, 600px\" data-recalc-dims=\"1\" \/><\/figure>\n<\/div>\n\n\n<p class=\"has-text-align-center\">Transparencia<\/p>\n<\/div>\n<\/div>\n\n\n\n<p><\/p>\n\n\n\n<p><\/p>\n","protected":false},"excerpt":{"rendered":"<p>Somos una empresa peruana integrada por un grupo de profesionales con amplia y reconocida experiencia en calidad, mejora continua, evaluaci\u00f3n,[&#8230;]<\/p>\n","protected":false},"author":1,"featured_media":0,"parent":0,"menu_order":0,"comment_status":"closed","ping_status":"closed","template":"","meta":{"_coblocks_attr":"","_coblocks_dimensions":"","_coblocks_responsive_height":"","_coblocks_accordion_ie_support":"","footnotes":""},"class_list":["post-27","page","type-page","status-publish","hentry"],"yoast_head":"<!-- This site is optimized with the Yoast SEO plugin v20.13 - https:\/\/yoast.com\/wordpress\/plugins\/seo\/ -->\n<title>Inicio - Consultores en Servicios para la Calidad<\/title>\n<meta name=\"description\" content=\"Empresa peruana integrada por un grupo de profesionales con amplia y reconocida experiencia en calidad, mejora continua, evaluaci\u00f3n, gesti\u00f3n y pedagog\u00eda.\" \/>\n<meta name=\"robots\" content=\"index, follow, max-snippet:-1, max-image-preview:large, max-video-preview:-1\" \/>\n<link rel=\"canonical\" href=\"http:\/\/www.ccalidad.pe\/\" \/>\n<meta property=\"og:locale\" content=\"es_ES\" \/>\n<meta property=\"og:type\" content=\"article\" \/>\n<meta property=\"og:title\" content=\"Consultores en Servicios para la Calidad\" \/>\n<meta property=\"og:description\" content=\"Empresa peruana integrada por un grupo de profesionales con amplia y reconocida experiencia en calidad, mejora continua, evaluaci\u00f3n, gesti\u00f3n y pedagog\u00eda.\" \/>\n<meta property=\"og:url\" content=\"http:\/\/www.ccalidad.pe\/\" \/>\n<meta property=\"og:site_name\" content=\"Consultores en Servicios para la Calidad\" \/>\n<meta property=\"article:modified_time\" content=\"2025-08-10T19:20:57+00:00\" \/>\n<meta property=\"og:image\" content=\"https:\/\/i0.wp.com\/www.ccalidad.pe\/wp-content\/uploads\/2022\/01\/ConsultoresSACFB.jpg?fit=591%2C591\" \/>\n\t<meta property=\"og:image:width\" content=\"591\" \/>\n\t<meta property=\"og:image:height\" content=\"591\" \/>\n\t<meta property=\"og:image:type\" content=\"image\/jpeg\" \/>\n<meta name=\"twitter:card\" content=\"summary_large_image\" \/>\n<meta name=\"twitter:label1\" content=\"Tiempo de lectura\" \/>\n\t<meta name=\"twitter:data1\" content=\"2 minutos\" \/>\n<script type=\"application\/ld+json\" class=\"yoast-schema-graph\">{\"@context\":\"https:\/\/schema.org\",\"@graph\":[{\"@type\":\"WebPage\",\"@id\":\"http:\/\/www.ccalidad.pe\/\",\"url\":\"http:\/\/www.ccalidad.pe\/\",\"name\":\"Inicio - Consultores en Servicios para la Calidad\",\"isPartOf\":{\"@id\":\"http:\/\/www.ccalidad.pe\/#website\"},\"datePublished\":\"2022-01-05T17:00:42+00:00\",\"dateModified\":\"2025-08-10T19:20:57+00:00\",\"description\":\"Empresa peruana integrada por un grupo de profesionales con amplia y reconocida experiencia en calidad, mejora continua, evaluaci\u00f3n, gesti\u00f3n y pedagog\u00eda.\",\"breadcrumb\":{\"@id\":\"http:\/\/www.ccalidad.pe\/#breadcrumb\"},\"inLanguage\":\"es\",\"potentialAction\":[{\"@type\":\"ReadAction\",\"target\":[\"http:\/\/www.ccalidad.pe\/\"]}]},{\"@type\":\"BreadcrumbList\",\"@id\":\"http:\/\/www.ccalidad.pe\/#breadcrumb\",\"itemListElement\":[{\"@type\":\"ListItem\",\"position\":1,\"name\":\"Portada\",\"item\":\"http:\/\/www.ccalidad.pe\/\"},{\"@type\":\"ListItem\",\"position\":2,\"name\":\"Inicio\"}]},{\"@type\":\"WebSite\",\"@id\":\"http:\/\/www.ccalidad.pe\/#website\",\"url\":\"http:\/\/www.ccalidad.pe\/\",\"name\":\"Consultores en Servicios para la Calidad\",\"description\":\"Ccalidad-Contigo Hacia la Mejora\",\"publisher\":{\"@id\":\"http:\/\/www.ccalidad.pe\/#organization\"},\"potentialAction\":[{\"@type\":\"SearchAction\",\"target\":{\"@type\":\"EntryPoint\",\"urlTemplate\":\"http:\/\/www.ccalidad.pe\/?s={search_term_string}\"},\"query-input\":\"required name=search_term_string\"}],\"inLanguage\":\"es\"},{\"@type\":\"Organization\",\"@id\":\"http:\/\/www.ccalidad.pe\/#organization\",\"name\":\"Consultores en Servicios para la Calidad SAC\",\"url\":\"http:\/\/www.ccalidad.pe\/\",\"logo\":{\"@type\":\"ImageObject\",\"inLanguage\":\"es\",\"@id\":\"http:\/\/www.ccalidad.pe\/#\/schema\/logo\/image\/\",\"url\":\"http:\/\/www.ccalidad.pe\/wp-content\/uploads\/2022\/01\/ConsultoresSACFB.jpg\",\"contentUrl\":\"http:\/\/www.ccalidad.pe\/wp-content\/uploads\/2022\/01\/ConsultoresSACFB.jpg\",\"width\":591,\"height\":591,\"caption\":\"Consultores en Servicios para la Calidad SAC\"},\"image\":{\"@id\":\"http:\/\/www.ccalidad.pe\/#\/schema\/logo\/image\/\"}}]}<\/script>\n<!-- \/ Yoast SEO plugin. -->","yoast_head_json":{"title":"Inicio - Consultores en Servicios para la Calidad","description":"Empresa peruana integrada por un grupo de profesionales con amplia y reconocida experiencia en calidad, mejora continua, evaluaci\u00f3n, gesti\u00f3n y pedagog\u00eda.","robots":{"index":"index","follow":"follow","max-snippet":"max-snippet:-1","max-image-preview":"max-image-preview:large","max-video-preview":"max-video-preview:-1"},"canonical":"http:\/\/www.ccalidad.pe\/","og_locale":"es_ES","og_type":"article","og_title":"Consultores en Servicios para la Calidad","og_description":"Empresa peruana integrada por un grupo de profesionales con amplia y reconocida experiencia en calidad, mejora continua, evaluaci\u00f3n, gesti\u00f3n y pedagog\u00eda.","og_url":"http:\/\/www.ccalidad.pe\/","og_site_name":"Consultores en Servicios para la Calidad","article_modified_time":"2025-08-10T19:20:57+00:00","og_image":[{"width":591,"height":591,"url":"https:\/\/i0.wp.com\/www.ccalidad.pe\/wp-content\/uploads\/2022\/01\/ConsultoresSACFB.jpg?fit=591%2C591","type":"image\/jpeg"}],"twitter_card":"summary_large_image","twitter_misc":{"Tiempo de lectura":"2 minutos"},"schema":{"@context":"https:\/\/schema.org","@graph":[{"@type":"WebPage","@id":"http:\/\/www.ccalidad.pe\/","url":"http:\/\/www.ccalidad.pe\/","name":"Inicio - Consultores en Servicios para la Calidad","isPartOf":{"@id":"http:\/\/www.ccalidad.pe\/#website"},"datePublished":"2022-01-05T17:00:42+00:00","dateModified":"2025-08-10T19:20:57+00:00","description":"Empresa peruana integrada por un grupo de profesionales con amplia y reconocida experiencia en calidad, mejora continua, evaluaci\u00f3n, gesti\u00f3n y pedagog\u00eda.","breadcrumb":{"@id":"http:\/\/www.ccalidad.pe\/#breadcrumb"},"inLanguage":"es","potentialAction":[{"@type":"ReadAction","target":["http:\/\/www.ccalidad.pe\/"]}]},{"@type":"BreadcrumbList","@id":"http:\/\/www.ccalidad.pe\/#breadcrumb","itemListElement":[{"@type":"ListItem","position":1,"name":"Portada","item":"http:\/\/www.ccalidad.pe\/"},{"@type":"ListItem","position":2,"name":"Inicio"}]},{"@type":"WebSite","@id":"http:\/\/www.ccalidad.pe\/#website","url":"http:\/\/www.ccalidad.pe\/","name":"Consultores en Servicios para la Calidad","description":"Ccalidad-Contigo Hacia la Mejora","publisher":{"@id":"http:\/\/www.ccalidad.pe\/#organization"},"potentialAction":[{"@type":"SearchAction","target":{"@type":"EntryPoint","urlTemplate":"http:\/\/www.ccalidad.pe\/?s={search_term_string}"},"query-input":"required name=search_term_string"}],"inLanguage":"es"},{"@type":"Organization","@id":"http:\/\/www.ccalidad.pe\/#organization","name":"Consultores en Servicios para la Calidad SAC","url":"http:\/\/www.ccalidad.pe\/","logo":{"@type":"ImageObject","inLanguage":"es","@id":"http:\/\/www.ccalidad.pe\/#\/schema\/logo\/image\/","url":"http:\/\/www.ccalidad.pe\/wp-content\/uploads\/2022\/01\/ConsultoresSACFB.jpg","contentUrl":"http:\/\/www.ccalidad.pe\/wp-content\/uploads\/2022\/01\/ConsultoresSACFB.jpg","width":591,"height":591,"caption":"Consultores en Servicios para la Calidad SAC"},"image":{"@id":"http:\/\/www.ccalidad.pe\/#\/schema\/logo\/image\/"}}]}},"jetpack_sharing_enabled":true,"jetpack_likes_enabled":true,"_links":{"self":[{"href":"https:\/\/www.ccalidad.pe\/index.php?rest_route=\/wp\/v2\/pages\/27","targetHints":{"allow":["GET"]}}],"collection":[{"href":"https:\/\/www.ccalidad.pe\/index.php?rest_route=\/wp\/v2\/pages"}],"about":[{"href":"https:\/\/www.ccalidad.pe\/index.php?rest_route=\/wp\/v2\/types\/page"}],"author":[{"embeddable":true,"href":"https:\/\/www.ccalidad.pe\/index.php?rest_route=\/wp\/v2\/users\/1"}],"replies":[{"embeddable":true,"href":"https:\/\/www.ccalidad.pe\/index.php?rest_route=%2Fwp%2Fv2%2Fcomments&post=27"}],"version-history":[{"count":41,"href":"https:\/\/www.ccalidad.pe\/index.php?rest_route=\/wp\/v2\/pages\/27\/revisions"}],"predecessor-version":[{"id":315,"href":"https:\/\/www.ccalidad.pe\/index.php?rest_route=\/wp\/v2\/pages\/27\/revisions\/315"}],"wp:attachment":[{"href":"https:\/\/www.ccalidad.pe\/index.php?rest_route=%2Fwp%2Fv2%2Fmedia&parent=27"}],"curies":[{"name":"wp","href":"https:\/\/api.w.org\/{rel}","templated":true}]}}